{"id":276,"date":"2024-11-20T19:13:33","date_gmt":"2024-11-20T18:13:33","guid":{"rendered":"https:\/\/mypizz85.com\/?page_id=276"},"modified":"2024-12-26T10:59:33","modified_gmt":"2024-12-26T09:59:33","slug":"paninis","status":"publish","type":"page","link":"https:\/\/mypizz85.com\/index.php\/paninis\/","title":{"rendered":"Paninis"},"content":{"rendered":"\n<div style=\"height:100px\" aria-hidden=\"true\" class=\"wp-block-spacer\"><\/div>\n\n\n\n<h2 class=\"wp-block-heading has-text-align-center\"><mark style=\"background-color:#fcb900\" class=\"has-inline-color has-vivid-red-color\">Composez votre Panini<\/mark><\/h2>\n\n\n\n<hr class=\"wp-block-separator has-alpha-channel-opacity\"\/>\n\n\n\n<h3 class=\"wp-block-heading\"><mark style=\"background-color:#ffffff\" class=\"has-inline-color has-luminous-vivid-amber-color\">Panini classique 6,00\u20ac<\/mark><\/h3>\n\n\n\n<div class=\"wp-block-group\"><div class=\"wp-block-group__inner-container is-layout-constrained wp-block-group-is-layout-constrained\">\n<div class=\"wp-block-group\"><div class=\"wp-block-group__inner-container is-layout-constrained wp-block-group-is-layout-constrained\">\n<p><mark style=\"background-color:#000000\" class=\"has-inline-color has-white-color\">viandes au choix + cheddar + sauce aux choix<\/mark><\/p>\n\n\n\n<p><em><mark style=\"background-color:#000000\" class=\"has-inline-color has-white-color\">viandes aux choix : Kebab, steak hach\u00e9, jambon, poulet<\/mark><\/em><\/p>\n\n\n\n<p><em><mark style=\"background-color:#000000\" class=\"has-inline-color has-white-color\">Suppl\u00e9ment frites 1,00\u20ac<\/mark><\/em><\/p>\n<\/div><\/div>\n<\/div><\/div>\n\n\n\n<h2 class=\"wp-block-heading has-text-align-center\"><mark style=\"background-color:#fcb900\" class=\"has-inline-color has-vivid-red-color\">Nos sp\u00e9cialit\u00e9s<\/mark><\/h2>\n\n\n\n<hr class=\"wp-block-separator has-alpha-channel-opacity\"\/>\n\n\n\n<h3 class=\"wp-block-heading\"><mark style=\"background-color:#ffffff\" class=\"has-inline-color has-luminous-vivid-amber-color\">Le Nordique 6,00\u20ac<\/mark><\/h3>\n\n\n\n<p><mark style=\"background-color:#000000\" class=\"has-inline-color has-white-color\">saumon fum\u00e9, ch\u00e8vre, cr\u00e8me fra\u00eeche<\/mark><\/p>\n\n\n\n<h3 class=\"wp-block-heading\"><mark style=\"background-color:#ffffff\" class=\"has-inline-color has-luminous-vivid-amber-color\">Le 3 fromages 6,00\u20ac<\/mark><\/h3>\n\n\n\n<p><mark style=\"background-color:#000000\" class=\"has-inline-color has-white-color\">raclette, ch\u00e8vre, cheddar<\/mark><\/p>\n","protected":false},"excerpt":{"rendered":"<p>Composez votre Panini Panini classique 6,00\u20ac viandes au choix + cheddar + sauce aux choix viandes aux choix : Kebab, steak hach\u00e9, jambon, poulet Suppl\u00e9ment frites 1,00\u20ac Nos sp\u00e9cialit\u00e9s Le Nordique 6,00\u20ac saumon fum\u00e9, ch\u00e8vre, cr\u00e8me fra\u00eeche Le 3 fromages 6,00\u20ac raclette, ch\u00e8vre, cheddar<\/p>\n","protected":false},"author":2,"featured_media":0,"parent":0,"menu_order":0,"comment_status":"closed","ping_status":"closed","template":"","meta":{"footnotes":""},"class_list":["post-276","page","type-page","status-publish","hentry"],"yoast_head":"<!-- This site is optimized with the Yoast SEO plugin v23.9 - https:\/\/yoast.com\/wordpress\/plugins\/seo\/ -->\n<title>Paninis - MY PIZZ 85<\/title>\n<meta name=\"description\" content=\"A Mareuil sur Lay Dissais, compose ton propre panini sur mesure, selon tes gouts et ta faim ou commande nos sp\u00e9cialit\u00e9s mareuillaise\" \/>\n<meta name=\"robots\" content=\"index, follow, max-snippet:-1, max-image-preview:large, max-video-preview:-1\" \/>\n<link rel=\"canonical\" href=\"https:\/\/mypizz85.com\/index.php\/paninis\/\" \/>\n<meta property=\"og:locale\" content=\"fr_FR\" \/>\n<meta property=\"og:type\" content=\"article\" \/>\n<meta property=\"og:title\" content=\"Paninis - MY PIZZ 85\" \/>\n<meta property=\"og:description\" content=\"A Mareuil sur Lay Dissais, compose ton propre panini sur mesure, selon tes gouts et ta faim ou commande nos sp\u00e9cialit\u00e9s mareuillaise\" \/>\n<meta property=\"og:url\" content=\"https:\/\/mypizz85.com\/index.php\/paninis\/\" \/>\n<meta property=\"og:site_name\" content=\"MY PIZZ 85\" \/>\n<meta property=\"article:publisher\" content=\"https:\/\/www.facebook.com\/profile.php?id=100083445756192\" \/>\n<meta property=\"article:modified_time\" content=\"2024-12-26T09:59:33+00:00\" \/>\n<meta name=\"twitter:card\" content=\"summary_large_image\" \/>\n<meta name=\"twitter:label1\" content=\"Dur\u00e9e de lecture estim\u00e9e\" \/>\n\t<meta name=\"twitter:data1\" content=\"1 minute\" \/>\n<script type=\"application\/ld+json\" class=\"yoast-schema-graph\">{\"@context\":\"https:\/\/schema.org\",\"@graph\":[{\"@type\":\"WebPage\",\"@id\":\"https:\/\/mypizz85.com\/index.php\/paninis\/\",\"url\":\"https:\/\/mypizz85.com\/index.php\/paninis\/\",\"name\":\"Paninis - MY PIZZ 85\",\"isPartOf\":{\"@id\":\"https:\/\/mypizz85.com\/#website\"},\"datePublished\":\"2024-11-20T18:13:33+00:00\",\"dateModified\":\"2024-12-26T09:59:33+00:00\",\"description\":\"A Mareuil sur Lay Dissais, compose ton propre panini sur mesure, selon tes gouts et ta faim ou commande nos sp\u00e9cialit\u00e9s mareuillaise\",\"breadcrumb\":{\"@id\":\"https:\/\/mypizz85.com\/index.php\/paninis\/#breadcrumb\"},\"inLanguage\":\"fr-FR\",\"potentialAction\":[{\"@type\":\"ReadAction\",\"target\":[\"https:\/\/mypizz85.com\/index.php\/paninis\/\"]}]},{\"@type\":\"BreadcrumbList\",\"@id\":\"https:\/\/mypizz85.com\/index.php\/paninis\/#breadcrumb\",\"itemListElement\":[{\"@type\":\"ListItem\",\"position\":1,\"name\":\"Accueil\",\"item\":\"https:\/\/mypizz85.com\/\"},{\"@type\":\"ListItem\",\"position\":2,\"name\":\"Paninis\"}]},{\"@type\":\"WebSite\",\"@id\":\"https:\/\/mypizz85.com\/#website\",\"url\":\"https:\/\/mypizz85.com\/\",\"name\":\"MY PIZZ 85\",\"description\":\"Restauration rapide \u00e0 Mareuil Sur Lay Dissais\",\"potentialAction\":[{\"@type\":\"SearchAction\",\"target\":{\"@type\":\"EntryPoint\",\"urlTemplate\":\"https:\/\/mypizz85.com\/?s={search_term_string}\"},\"query-input\":{\"@type\":\"PropertyValueSpecification\",\"valueRequired\":true,\"valueName\":\"search_term_string\"}}],\"inLanguage\":\"fr-FR\"}]}<\/script>\n<!-- \/ Yoast SEO plugin. -->","yoast_head_json":{"title":"Paninis - MY PIZZ 85","description":"A Mareuil sur Lay Dissais, compose ton propre panini sur mesure, selon tes gouts et ta faim ou commande nos sp\u00e9cialit\u00e9s mareuillaise","robots":{"index":"index","follow":"follow","max-snippet":"max-snippet:-1","max-image-preview":"max-image-preview:large","max-video-preview":"max-video-preview:-1"},"canonical":"https:\/\/mypizz85.com\/index.php\/paninis\/","og_locale":"fr_FR","og_type":"article","og_title":"Paninis - MY PIZZ 85","og_description":"A Mareuil sur Lay Dissais, compose ton propre panini sur mesure, selon tes gouts et ta faim ou commande nos sp\u00e9cialit\u00e9s mareuillaise","og_url":"https:\/\/mypizz85.com\/index.php\/paninis\/","og_site_name":"MY PIZZ 85","article_publisher":"https:\/\/www.facebook.com\/profile.php?id=100083445756192","article_modified_time":"2024-12-26T09:59:33+00:00","twitter_card":"summary_large_image","twitter_misc":{"Dur\u00e9e de lecture estim\u00e9e":"1 minute"},"schema":{"@context":"https:\/\/schema.org","@graph":[{"@type":"WebPage","@id":"https:\/\/mypizz85.com\/index.php\/paninis\/","url":"https:\/\/mypizz85.com\/index.php\/paninis\/","name":"Paninis - MY PIZZ 85","isPartOf":{"@id":"https:\/\/mypizz85.com\/#website"},"datePublished":"2024-11-20T18:13:33+00:00","dateModified":"2024-12-26T09:59:33+00:00","description":"A Mareuil sur Lay Dissais, compose ton propre panini sur mesure, selon tes gouts et ta faim ou commande nos sp\u00e9cialit\u00e9s mareuillaise","breadcrumb":{"@id":"https:\/\/mypizz85.com\/index.php\/paninis\/#breadcrumb"},"inLanguage":"fr-FR","potentialAction":[{"@type":"ReadAction","target":["https:\/\/mypizz85.com\/index.php\/paninis\/"]}]},{"@type":"BreadcrumbList","@id":"https:\/\/mypizz85.com\/index.php\/paninis\/#breadcrumb","itemListElement":[{"@type":"ListItem","position":1,"name":"Accueil","item":"https:\/\/mypizz85.com\/"},{"@type":"ListItem","position":2,"name":"Paninis"}]},{"@type":"WebSite","@id":"https:\/\/mypizz85.com\/#website","url":"https:\/\/mypizz85.com\/","name":"MY PIZZ 85","description":"Restauration rapide \u00e0 Mareuil Sur Lay Dissais","potentialAction":[{"@type":"SearchAction","target":{"@type":"EntryPoint","urlTemplate":"https:\/\/mypizz85.com\/?s={search_term_string}"},"query-input":{"@type":"PropertyValueSpecification","valueRequired":true,"valueName":"search_term_string"}}],"inLanguage":"fr-FR"}]}},"_links":{"self":[{"href":"https:\/\/mypizz85.com\/index.php\/wp-json\/wp\/v2\/pages\/276","targetHints":{"allow":["GET"]}}],"collection":[{"href":"https:\/\/mypizz85.com\/index.php\/wp-json\/wp\/v2\/pages"}],"about":[{"href":"https:\/\/mypizz85.com\/index.php\/wp-json\/wp\/v2\/types\/page"}],"author":[{"embeddable":true,"href":"https:\/\/mypizz85.com\/index.php\/wp-json\/wp\/v2\/users\/2"}],"replies":[{"embeddable":true,"href":"https:\/\/mypizz85.com\/index.php\/wp-json\/wp\/v2\/comments?post=276"}],"version-history":[{"count":14,"href":"https:\/\/mypizz85.com\/index.php\/wp-json\/wp\/v2\/pages\/276\/revisions"}],"predecessor-version":[{"id":564,"href":"https:\/\/mypizz85.com\/index.php\/wp-json\/wp\/v2\/pages\/276\/revisions\/564"}],"wp:attachment":[{"href":"https:\/\/mypizz85.com\/index.php\/wp-json\/wp\/v2\/media?parent=276"}],"curies":[{"name":"wp","href":"https:\/\/api.w.org\/{rel}","templated":true}]}}