{"id":280,"date":"2024-11-20T19:14:16","date_gmt":"2024-11-20T18:14:16","guid":{"rendered":"https:\/\/mypizz85.com\/?page_id=280"},"modified":"2024-12-26T10:40:56","modified_gmt":"2024-12-26T09:40:56","slug":"salades","status":"publish","type":"page","link":"https:\/\/mypizz85.com\/index.php\/salades\/","title":{"rendered":"Salades"},"content":{"rendered":"\n<div style=\"height:100px\" aria-hidden=\"true\" class=\"wp-block-spacer\"><\/div>\n\n\n\n<h3 class=\"wp-block-heading\"><mark style=\"background-color:#ffffff\" class=\"has-inline-color has-luminous-vivid-amber-color\">Gourmande 9,00\u20ac<\/mark><\/h3>\n\n\n\n<p><mark style=\"background-color:#000000\" class=\"has-inline-color has-white-color\">Salade, tomate, lardons, pomme de terre, \u0153uf, g\u00e9siers<\/mark><\/p>\n\n\n\n<h3 class=\"wp-block-heading\"><mark style=\"background-color:#ffffff\" class=\"has-inline-color has-luminous-vivid-amber-color\">Ch\u00e8vre 8,00\u20ac<\/mark><\/h3>\n\n\n\n<p><mark style=\"background-color:#000000\" class=\"has-inline-color has-white-color\">Salade, cro\u00fbtons, ch\u00e8vre, tomate, ma\u00efs<\/mark><\/p>\n\n\n\n<h3 class=\"wp-block-heading\"><mark style=\"background-color:#ffffff\" class=\"has-inline-color has-luminous-vivid-amber-color\">Poulet 8,00\u20ac<\/mark><\/h3>\n\n\n\n<p><mark style=\"background-color:#000000\" class=\"has-inline-color has-white-color\">Salade, poulet, fromage, tomate, ma\u00efs<\/mark><\/p>\n\n\n\n<h3 class=\"wp-block-heading\"><mark style=\"background-color:#ffffff\" class=\"has-inline-color has-luminous-vivid-amber-color\">Norv\u00e9gienne 9,00\u20ac<\/mark><\/h3>\n\n\n\n<p><mark style=\"background-color:#000000\" class=\"has-inline-color has-white-color\">Salade, saumon fum\u00e9, tomate<\/mark><\/p>\n","protected":false},"excerpt":{"rendered":"<p>Gourmande 9,00\u20ac Salade, tomate, lardons, pomme de terre, \u0153uf, g\u00e9siers Ch\u00e8vre 8,00\u20ac Salade, cro\u00fbtons, ch\u00e8vre, tomate, ma\u00efs Poulet 8,00\u20ac Salade, poulet, fromage, tomate, ma\u00efs Norv\u00e9gienne 9,00\u20ac Salade, saumon fum\u00e9, tomate<\/p>\n","protected":false},"author":2,"featured_media":0,"parent":0,"menu_order":0,"comment_status":"closed","ping_status":"closed","template":"","meta":{"footnotes":""},"class_list":["post-280","page","type-page","status-publish","hentry"],"yoast_head":"<!-- This site is optimized with the Yoast SEO plugin v23.9 - https:\/\/yoast.com\/wordpress\/plugins\/seo\/ -->\n<title>Salades - MY PIZZ 85<\/title>\n<meta name=\"description\" content=\"A Mareuil sur Lay Dissais, My Pizz 85 vous propose une salade gourmande, une ch\u00e8vre ou une super norv\u00e9gienne au choix !\" \/>\n<meta name=\"robots\" content=\"index, follow, max-snippet:-1, max-image-preview:large, max-video-preview:-1\" \/>\n<link rel=\"canonical\" href=\"https:\/\/mypizz85.com\/index.php\/salades\/\" \/>\n<meta property=\"og:locale\" content=\"fr_FR\" \/>\n<meta property=\"og:type\" content=\"article\" \/>\n<meta property=\"og:title\" content=\"Salades - MY PIZZ 85\" \/>\n<meta property=\"og:description\" content=\"A Mareuil sur Lay Dissais, My Pizz 85 vous propose une salade gourmande, une ch\u00e8vre ou une super norv\u00e9gienne au choix !\" \/>\n<meta property=\"og:url\" content=\"https:\/\/mypizz85.com\/index.php\/salades\/\" \/>\n<meta property=\"og:site_name\" content=\"MY PIZZ 85\" \/>\n<meta property=\"article:publisher\" content=\"https:\/\/www.facebook.com\/profile.php?id=100083445756192\" \/>\n<meta property=\"article:modified_time\" content=\"2024-12-26T09:40:56+00:00\" \/>\n<meta name=\"twitter:card\" content=\"summary_large_image\" \/>\n<meta name=\"twitter:label1\" content=\"Dur\u00e9e de lecture estim\u00e9e\" \/>\n\t<meta name=\"twitter:data1\" content=\"1 minute\" \/>\n<script type=\"application\/ld+json\" class=\"yoast-schema-graph\">{\"@context\":\"https:\/\/schema.org\",\"@graph\":[{\"@type\":\"WebPage\",\"@id\":\"https:\/\/mypizz85.com\/index.php\/salades\/\",\"url\":\"https:\/\/mypizz85.com\/index.php\/salades\/\",\"name\":\"Salades - MY PIZZ 85\",\"isPartOf\":{\"@id\":\"https:\/\/mypizz85.com\/#website\"},\"datePublished\":\"2024-11-20T18:14:16+00:00\",\"dateModified\":\"2024-12-26T09:40:56+00:00\",\"description\":\"A Mareuil sur Lay Dissais, My Pizz 85 vous propose une salade gourmande, une ch\u00e8vre ou une super norv\u00e9gienne au choix !\",\"breadcrumb\":{\"@id\":\"https:\/\/mypizz85.com\/index.php\/salades\/#breadcrumb\"},\"inLanguage\":\"fr-FR\",\"potentialAction\":[{\"@type\":\"ReadAction\",\"target\":[\"https:\/\/mypizz85.com\/index.php\/salades\/\"]}]},{\"@type\":\"BreadcrumbList\",\"@id\":\"https:\/\/mypizz85.com\/index.php\/salades\/#breadcrumb\",\"itemListElement\":[{\"@type\":\"ListItem\",\"position\":1,\"name\":\"Accueil\",\"item\":\"https:\/\/mypizz85.com\/\"},{\"@type\":\"ListItem\",\"position\":2,\"name\":\"Salades\"}]},{\"@type\":\"WebSite\",\"@id\":\"https:\/\/mypizz85.com\/#website\",\"url\":\"https:\/\/mypizz85.com\/\",\"name\":\"MY PIZZ 85\",\"description\":\"Restauration rapide \u00e0 Mareuil Sur Lay Dissais\",\"potentialAction\":[{\"@type\":\"SearchAction\",\"target\":{\"@type\":\"EntryPoint\",\"urlTemplate\":\"https:\/\/mypizz85.com\/?s={search_term_string}\"},\"query-input\":{\"@type\":\"PropertyValueSpecification\",\"valueRequired\":true,\"valueName\":\"search_term_string\"}}],\"inLanguage\":\"fr-FR\"}]}<\/script>\n<!-- \/ Yoast SEO plugin. -->","yoast_head_json":{"title":"Salades - MY PIZZ 85","description":"A Mareuil sur Lay Dissais, My Pizz 85 vous propose une salade gourmande, une ch\u00e8vre ou une super norv\u00e9gienne au choix !","robots":{"index":"index","follow":"follow","max-snippet":"max-snippet:-1","max-image-preview":"max-image-preview:large","max-video-preview":"max-video-preview:-1"},"canonical":"https:\/\/mypizz85.com\/index.php\/salades\/","og_locale":"fr_FR","og_type":"article","og_title":"Salades - MY PIZZ 85","og_description":"A Mareuil sur Lay Dissais, My Pizz 85 vous propose une salade gourmande, une ch\u00e8vre ou une super norv\u00e9gienne au choix !","og_url":"https:\/\/mypizz85.com\/index.php\/salades\/","og_site_name":"MY PIZZ 85","article_publisher":"https:\/\/www.facebook.com\/profile.php?id=100083445756192","article_modified_time":"2024-12-26T09:40:56+00:00","twitter_card":"summary_large_image","twitter_misc":{"Dur\u00e9e de lecture estim\u00e9e":"1 minute"},"schema":{"@context":"https:\/\/schema.org","@graph":[{"@type":"WebPage","@id":"https:\/\/mypizz85.com\/index.php\/salades\/","url":"https:\/\/mypizz85.com\/index.php\/salades\/","name":"Salades - MY PIZZ 85","isPartOf":{"@id":"https:\/\/mypizz85.com\/#website"},"datePublished":"2024-11-20T18:14:16+00:00","dateModified":"2024-12-26T09:40:56+00:00","description":"A Mareuil sur Lay Dissais, My Pizz 85 vous propose une salade gourmande, une ch\u00e8vre ou une super norv\u00e9gienne au choix !","breadcrumb":{"@id":"https:\/\/mypizz85.com\/index.php\/salades\/#breadcrumb"},"inLanguage":"fr-FR","potentialAction":[{"@type":"ReadAction","target":["https:\/\/mypizz85.com\/index.php\/salades\/"]}]},{"@type":"BreadcrumbList","@id":"https:\/\/mypizz85.com\/index.php\/salades\/#breadcrumb","itemListElement":[{"@type":"ListItem","position":1,"name":"Accueil","item":"https:\/\/mypizz85.com\/"},{"@type":"ListItem","position":2,"name":"Salades"}]},{"@type":"WebSite","@id":"https:\/\/mypizz85.com\/#website","url":"https:\/\/mypizz85.com\/","name":"MY PIZZ 85","description":"Restauration rapide \u00e0 Mareuil Sur Lay Dissais","potentialAction":[{"@type":"SearchAction","target":{"@type":"EntryPoint","urlTemplate":"https:\/\/mypizz85.com\/?s={search_term_string}"},"query-input":{"@type":"PropertyValueSpecification","valueRequired":true,"valueName":"search_term_string"}}],"inLanguage":"fr-FR"}]}},"_links":{"self":[{"href":"https:\/\/mypizz85.com\/index.php\/wp-json\/wp\/v2\/pages\/280","targetHints":{"allow":["GET"]}}],"collection":[{"href":"https:\/\/mypizz85.com\/index.php\/wp-json\/wp\/v2\/pages"}],"about":[{"href":"https:\/\/mypizz85.com\/index.php\/wp-json\/wp\/v2\/types\/page"}],"author":[{"embeddable":true,"href":"https:\/\/mypizz85.com\/index.php\/wp-json\/wp\/v2\/users\/2"}],"replies":[{"embeddable":true,"href":"https:\/\/mypizz85.com\/index.php\/wp-json\/wp\/v2\/comments?post=280"}],"version-history":[{"count":7,"href":"https:\/\/mypizz85.com\/index.php\/wp-json\/wp\/v2\/pages\/280\/revisions"}],"predecessor-version":[{"id":550,"href":"https:\/\/mypizz85.com\/index.php\/wp-json\/wp\/v2\/pages\/280\/revisions\/550"}],"wp:attachment":[{"href":"https:\/\/mypizz85.com\/index.php\/wp-json\/wp\/v2\/media?parent=280"}],"curies":[{"name":"wp","href":"https:\/\/api.w.org\/{rel}","templated":true}]}}