{"id":284,"date":"2024-11-20T19:15:27","date_gmt":"2024-11-20T18:15:27","guid":{"rendered":"https:\/\/mypizz85.com\/?page_id=284"},"modified":"2024-12-26T11:05:00","modified_gmt":"2024-12-26T10:05:00","slug":"tacos","status":"publish","type":"page","link":"https:\/\/mypizz85.com\/index.php\/tacos\/","title":{"rendered":"Tacos"},"content":{"rendered":"\n<div style=\"height:100px\" aria-hidden=\"true\" class=\"wp-block-spacer\"><\/div>\n\n\n\n<h2 class=\"wp-block-heading has-text-align-center\"><mark style=\"background-color:#fcb900\" class=\"has-inline-color has-vivid-red-color\">Composez votre Tacos<\/mark><\/h2>\n\n\n\n<hr class=\"wp-block-separator has-alpha-channel-opacity\"\/>\n\n\n\n<h3 class=\"wp-block-heading\"><mark style=\"background-color:#ffffff\" class=\"has-inline-color has-luminous-vivid-amber-color\">Viande au choix + Frites + Sauce fromag\u00e8re maison<\/mark><\/h3>\n\n\n\n<div class=\"wp-block-columns is-layout-flex wp-container-core-columns-is-layout-9d6595d7 wp-block-columns-is-layout-flex\">\n<div class=\"wp-block-column is-layout-flow wp-block-column-is-layout-flow\" style=\"flex-basis:100%\">\n<p><mark style=\"background-color:#000000\" class=\"has-inline-color has-white-color\">1 Viande = 8,00\u20ac<\/mark><\/p>\n\n\n\n<p><mark style=\"background-color:#000000\" class=\"has-inline-color has-white-color\">2 Viandes = 9,50\u20ac<\/mark><\/p>\n\n\n\n<p><mark style=\"background-color:#000000\" class=\"has-inline-color has-white-color\">3 viandes = 11,00\u20ac<\/mark><\/p>\n<\/div>\n<\/div>\n\n\n\n<p><mark style=\"background-color:#000000\" class=\"has-inline-color has-white-color\">Viandes aux choix : Kebab, steak hach\u00e9, nuggets, cordon bleu, poulet, merguez, lardons<\/mark><\/p>\n\n\n\n<h2 class=\"wp-block-heading has-text-align-center\"><mark style=\"background-color:#fcb900\" class=\"has-inline-color has-vivid-red-color\">Nos sp\u00e9cialit\u00e9s<\/mark><\/h2>\n\n\n\n<hr class=\"wp-block-separator has-alpha-channel-opacity\"\/>\n\n\n\n<h3 class=\"wp-block-heading\"><mark style=\"background-color:#ffffff\" class=\"has-inline-color has-luminous-vivid-amber-color\">Montagnard 10,00\u20ac<\/mark><\/h3>\n\n\n\n<p><mark style=\"background-color:#000000\" class=\"has-inline-color has-white-color\">lardons, raclette, frites, champignons, sauce fromag\u00e8re<\/mark><\/p>\n\n\n\n<h3 class=\"wp-block-heading\"><mark style=\"background-color:#ffffff\" class=\"has-inline-color has-luminous-vivid-amber-color\">Tartiflette 10,00\u20ac<\/mark><\/h3>\n\n\n\n<p><mark style=\"background-color:#000000\" class=\"has-inline-color has-white-color\">lardons, tartiflette, cr\u00e8me fra\u00eeche, pomme de terre, oignon<\/mark><\/p>\n\n\n\n<h3 class=\"wp-block-heading\"><mark style=\"background-color:#ffffff\" class=\"has-inline-color has-luminous-vivid-amber-color\">Burger 10,00\u20ac<\/mark><\/h3>\n\n\n\n<p><mark style=\"background-color:#000000\" class=\"has-inline-color has-white-color\">b\u0153uf hach\u00e9e, pomme de terre, oignon, sauce barbecue, salade, cheddar<\/mark><\/p>\n\n\n\n<p><\/p>\n","protected":false},"excerpt":{"rendered":"<p>Composez votre Tacos Viande au choix + Frites + Sauce fromag\u00e8re maison 1 Viande = 8,00\u20ac 2 Viandes = 9,50\u20ac 3 viandes = 11,00\u20ac Viandes aux choix : Kebab, steak hach\u00e9, nuggets, cordon bleu, poulet, merguez, lardons Nos sp\u00e9cialit\u00e9s Montagnard 10,00\u20ac lardons, raclette, frites, champignons, sauce fromag\u00e8re Tartiflette 10,00\u20ac lardons, tartiflette, cr\u00e8me fra\u00eeche, pomme de [&hellip;]<\/p>\n","protected":false},"author":2,"featured_media":0,"parent":0,"menu_order":0,"comment_status":"closed","ping_status":"closed","template":"","meta":{"footnotes":""},"class_list":["post-284","page","type-page","status-publish","hentry"],"yoast_head":"<!-- This site is optimized with the Yoast SEO plugin v23.9 - https:\/\/yoast.com\/wordpress\/plugins\/seo\/ -->\n<title>Tacos - MY PIZZ 85<\/title>\n<meta name=\"description\" content=\"A Mareuil sur Lay Dissais, compose ton propre tacos sur mesure, selon tes gouts et ta faim ou commande nos sp\u00e9cialit\u00e9s mareuillaise\" \/>\n<meta name=\"robots\" content=\"index, follow, max-snippet:-1, max-image-preview:large, max-video-preview:-1\" \/>\n<link rel=\"canonical\" href=\"https:\/\/mypizz85.com\/index.php\/tacos\/\" \/>\n<meta property=\"og:locale\" content=\"fr_FR\" \/>\n<meta property=\"og:type\" content=\"article\" \/>\n<meta property=\"og:title\" content=\"Tacos - MY PIZZ 85\" \/>\n<meta property=\"og:description\" content=\"A Mareuil sur Lay Dissais, compose ton propre tacos sur mesure, selon tes gouts et ta faim ou commande nos sp\u00e9cialit\u00e9s mareuillaise\" \/>\n<meta property=\"og:url\" content=\"https:\/\/mypizz85.com\/index.php\/tacos\/\" \/>\n<meta property=\"og:site_name\" content=\"MY PIZZ 85\" \/>\n<meta property=\"article:publisher\" content=\"https:\/\/www.facebook.com\/profile.php?id=100083445756192\" \/>\n<meta property=\"article:modified_time\" content=\"2024-12-26T10:05:00+00:00\" \/>\n<meta name=\"twitter:card\" content=\"summary_large_image\" \/>\n<meta name=\"twitter:label1\" content=\"Dur\u00e9e de lecture estim\u00e9e\" \/>\n\t<meta name=\"twitter:data1\" content=\"1 minute\" \/>\n<script type=\"application\/ld+json\" class=\"yoast-schema-graph\">{\"@context\":\"https:\/\/schema.org\",\"@graph\":[{\"@type\":\"WebPage\",\"@id\":\"https:\/\/mypizz85.com\/index.php\/tacos\/\",\"url\":\"https:\/\/mypizz85.com\/index.php\/tacos\/\",\"name\":\"Tacos - MY PIZZ 85\",\"isPartOf\":{\"@id\":\"https:\/\/mypizz85.com\/#website\"},\"datePublished\":\"2024-11-20T18:15:27+00:00\",\"dateModified\":\"2024-12-26T10:05:00+00:00\",\"description\":\"A Mareuil sur Lay Dissais, compose ton propre tacos sur mesure, selon tes gouts et ta faim ou commande nos sp\u00e9cialit\u00e9s mareuillaise\",\"breadcrumb\":{\"@id\":\"https:\/\/mypizz85.com\/index.php\/tacos\/#breadcrumb\"},\"inLanguage\":\"fr-FR\",\"potentialAction\":[{\"@type\":\"ReadAction\",\"target\":[\"https:\/\/mypizz85.com\/index.php\/tacos\/\"]}]},{\"@type\":\"BreadcrumbList\",\"@id\":\"https:\/\/mypizz85.com\/index.php\/tacos\/#breadcrumb\",\"itemListElement\":[{\"@type\":\"ListItem\",\"position\":1,\"name\":\"Accueil\",\"item\":\"https:\/\/mypizz85.com\/\"},{\"@type\":\"ListItem\",\"position\":2,\"name\":\"Tacos\"}]},{\"@type\":\"WebSite\",\"@id\":\"https:\/\/mypizz85.com\/#website\",\"url\":\"https:\/\/mypizz85.com\/\",\"name\":\"MY PIZZ 85\",\"description\":\"Restauration rapide \u00e0 Mareuil Sur Lay Dissais\",\"potentialAction\":[{\"@type\":\"SearchAction\",\"target\":{\"@type\":\"EntryPoint\",\"urlTemplate\":\"https:\/\/mypizz85.com\/?s={search_term_string}\"},\"query-input\":{\"@type\":\"PropertyValueSpecification\",\"valueRequired\":true,\"valueName\":\"search_term_string\"}}],\"inLanguage\":\"fr-FR\"}]}<\/script>\n<!-- \/ Yoast SEO plugin. -->","yoast_head_json":{"title":"Tacos - MY PIZZ 85","description":"A Mareuil sur Lay Dissais, compose ton propre tacos sur mesure, selon tes gouts et ta faim ou commande nos sp\u00e9cialit\u00e9s mareuillaise","robots":{"index":"index","follow":"follow","max-snippet":"max-snippet:-1","max-image-preview":"max-image-preview:large","max-video-preview":"max-video-preview:-1"},"canonical":"https:\/\/mypizz85.com\/index.php\/tacos\/","og_locale":"fr_FR","og_type":"article","og_title":"Tacos - MY PIZZ 85","og_description":"A Mareuil sur Lay Dissais, compose ton propre tacos sur mesure, selon tes gouts et ta faim ou commande nos sp\u00e9cialit\u00e9s mareuillaise","og_url":"https:\/\/mypizz85.com\/index.php\/tacos\/","og_site_name":"MY PIZZ 85","article_publisher":"https:\/\/www.facebook.com\/profile.php?id=100083445756192","article_modified_time":"2024-12-26T10:05:00+00:00","twitter_card":"summary_large_image","twitter_misc":{"Dur\u00e9e de lecture estim\u00e9e":"1 minute"},"schema":{"@context":"https:\/\/schema.org","@graph":[{"@type":"WebPage","@id":"https:\/\/mypizz85.com\/index.php\/tacos\/","url":"https:\/\/mypizz85.com\/index.php\/tacos\/","name":"Tacos - MY PIZZ 85","isPartOf":{"@id":"https:\/\/mypizz85.com\/#website"},"datePublished":"2024-11-20T18:15:27+00:00","dateModified":"2024-12-26T10:05:00+00:00","description":"A Mareuil sur Lay Dissais, compose ton propre tacos sur mesure, selon tes gouts et ta faim ou commande nos sp\u00e9cialit\u00e9s mareuillaise","breadcrumb":{"@id":"https:\/\/mypizz85.com\/index.php\/tacos\/#breadcrumb"},"inLanguage":"fr-FR","potentialAction":[{"@type":"ReadAction","target":["https:\/\/mypizz85.com\/index.php\/tacos\/"]}]},{"@type":"BreadcrumbList","@id":"https:\/\/mypizz85.com\/index.php\/tacos\/#breadcrumb","itemListElement":[{"@type":"ListItem","position":1,"name":"Accueil","item":"https:\/\/mypizz85.com\/"},{"@type":"ListItem","position":2,"name":"Tacos"}]},{"@type":"WebSite","@id":"https:\/\/mypizz85.com\/#website","url":"https:\/\/mypizz85.com\/","name":"MY PIZZ 85","description":"Restauration rapide \u00e0 Mareuil Sur Lay Dissais","potentialAction":[{"@type":"SearchAction","target":{"@type":"EntryPoint","urlTemplate":"https:\/\/mypizz85.com\/?s={search_term_string}"},"query-input":{"@type":"PropertyValueSpecification","valueRequired":true,"valueName":"search_term_string"}}],"inLanguage":"fr-FR"}]}},"_links":{"self":[{"href":"https:\/\/mypizz85.com\/index.php\/wp-json\/wp\/v2\/pages\/284","targetHints":{"allow":["GET"]}}],"collection":[{"href":"https:\/\/mypizz85.com\/index.php\/wp-json\/wp\/v2\/pages"}],"about":[{"href":"https:\/\/mypizz85.com\/index.php\/wp-json\/wp\/v2\/types\/page"}],"author":[{"embeddable":true,"href":"https:\/\/mypizz85.com\/index.php\/wp-json\/wp\/v2\/users\/2"}],"replies":[{"embeddable":true,"href":"https:\/\/mypizz85.com\/index.php\/wp-json\/wp\/v2\/comments?post=284"}],"version-history":[{"count":11,"href":"https:\/\/mypizz85.com\/index.php\/wp-json\/wp\/v2\/pages\/284\/revisions"}],"predecessor-version":[{"id":569,"href":"https:\/\/mypizz85.com\/index.php\/wp-json\/wp\/v2\/pages\/284\/revisions\/569"}],"wp:attachment":[{"href":"https:\/\/mypizz85.com\/index.php\/wp-json\/wp\/v2\/media?parent=284"}],"curies":[{"name":"wp","href":"https:\/\/api.w.org\/{rel}","templated":true}]}}